{"id":181,"date":"2014-04-19T15:44:56","date_gmt":"2014-04-19T15:44:56","guid":{"rendered":"http:\/\/demo.themegrill.com\/spacious-pro\/?post_type=product&amp;p=181"},"modified":"2014-04-19T15:44:56","modified_gmt":"2014-04-19T15:44:56","slug":"women-watch-gold","status":"publish","type":"product","link":"https:\/\/ulogarniturak.hu\/?product=women-watch-gold","title":{"rendered":"Women Watch Gold"},"content":{"rendered":"<p>Gummi bears dessert jelly beans chupa chups dessert. Jelly beans lemon drops sweet roll applicake tart pie. Jelly beans chocolate drag\u00e9e gummies chocolate danish croissant drag\u00e9e jelly. Pastry toffee apple pie chocolate bar pie ice cream liquorice drag\u00e9e sesame snaps. Gummi bears gingerbread candy dessert jelly-o pie cookie apple pie. Croissant cupcake macaroon. Muffin unerdwear.com cake powder. Toffee pastry ice cream.<\/p>\n<p>Gummi bears dessert jelly beans chupa chups dessert. Jelly beans lemon drops sweet roll applicake tart pie. Jelly beans chocolate drag\u00e9e gummies chocolate danish croissant drag\u00e9e jelly. Pastry toffee apple pie chocolate bar pie ice cream liquorice drag\u00e9e sesame snaps. Gummi bears gingerbread candy dessert jelly-o pie cookie apple pie. Croissant cupcake macaroon. Muffin unerdwear.com cake powder. Toffee pastry ice cream.<\/p>\n","protected":false},"excerpt":{"rendered":"<p>Gummi bears dessert jelly beans chupa chups dessert. Jelly beans lemon drops sweet roll applicake tart pie. Jelly beans chocolate drag\u00e9e gummies chocolate danish croissant drag\u00e9e jelly. Pastry toffee apple pie chocolate bar pie ice cream liquorice drag\u00e9e sesame snaps. Gummi bears gingerbread candy dessert jelly-o pie cookie apple pie. Croissant cupcake macaroon. Muffin unerdwear.com cake powder. Toffee pastry ice cream.<\/p>\n<p>Gummi bears dessert jelly beans chupa chups dessert. Jelly beans lemon drops sweet roll applicake tart pie. Jelly beans chocolate drag\u00e9e gummies chocolate danish croissant drag\u00e9e jelly. Pastry toffee apple pie chocolate bar pie ice cream liquorice drag\u00e9e sesame snaps. Gummi bears gingerbread candy dessert jelly-o pie cookie apple pie. Croissant cupcake macaroon. Muffin unerdwear.com cake powder. Toffee pastry ice cream.<\/p>\n","protected":false},"featured_media":183,"comment_status":"closed","ping_status":"closed","template":"","meta":[],"product_brand":[],"product_cat":[26],"product_tag":[],"class_list":{"0":"post-181","1":"product","2":"type-product","3":"status-publish","4":"has-post-thumbnail","6":"product_cat-watch","8":"first","9":"instock","10":"shipping-taxable","11":"purchasable","12":"product-type-variable","13":"add-to-wishlist-after_add_to_cart"},"_links":{"self":[{"href":"https:\/\/ulogarniturak.hu\/index.php?rest_route=\/wp\/v2\/product\/181","targetHints":{"allow":["GET"]}}],"collection":[{"href":"https:\/\/ulogarniturak.hu\/index.php?rest_route=\/wp\/v2\/product"}],"about":[{"href":"https:\/\/ulogarniturak.hu\/index.php?rest_route=\/wp\/v2\/types\/product"}],"replies":[{"embeddable":true,"href":"https:\/\/ulogarniturak.hu\/index.php?rest_route=%2Fwp%2Fv2%2Fcomments&post=181"}],"wp:featuredmedia":[{"embeddable":true,"href":"https:\/\/ulogarniturak.hu\/index.php?rest_route=\/wp\/v2\/media\/183"}],"wp:attachment":[{"href":"https:\/\/ulogarniturak.hu\/index.php?rest_route=%2Fwp%2Fv2%2Fmedia&parent=181"}],"wp:term":[{"taxonomy":"product_brand","embeddable":true,"href":"https:\/\/ulogarniturak.hu\/index.php?rest_route=%2Fwp%2Fv2%2Fproduct_brand&post=181"},{"taxonomy":"product_cat","embeddable":true,"href":"https:\/\/ulogarniturak.hu\/index.php?rest_route=%2Fwp%2Fv2%2Fproduct_cat&post=181"},{"taxonomy":"product_tag","embeddable":true,"href":"https:\/\/ulogarniturak.hu\/index.php?rest_route=%2Fwp%2Fv2%2Fproduct_tag&post=181"}],"curies":[{"name":"wp","href":"https:\/\/api.w.org\/{rel}","templated":true}]}}