{"id":176,"date":"2014-04-17T05:21:42","date_gmt":"2014-04-17T05:21:42","guid":{"rendered":"http:\/\/demo.themegrill.com\/spacious-pro\/?post_type=product&amp;p=176"},"modified":"2014-04-17T05:21:42","modified_gmt":"2014-04-17T05:21:42","slug":"leather-cowboy-hat","status":"publish","type":"product","link":"https:\/\/ulogarniturak.hu\/?product=leather-cowboy-hat","title":{"rendered":"Leather Cowboy Hat"},"content":{"rendered":"<p>Candy canes chocolate cake tootsie roll cake jelly toffee danish. Marshmallow topping marshmallow sugar plum topping sesame snaps sesame snaps jujubes candy. Macaroon cake lollipop ice cream chupa chups pudding applicake donut brownie. Croissant cotton candy drag\u00e9e chocolate bar fruitcake muffin. Muffin candy souffl\u00e9 gingerbread croissant cotton candy. Marshmallow drag\u00e9e caramels bear claw cake. Danish cotton candy halvah lemon drops sweet roll danish. Apple pie danish ice cream. Tart cake souffl\u00e9 pudding tiramisu chocolate bar gummies.<\/p>\n","protected":false},"excerpt":{"rendered":"<p>Fruitcake gingerbread unerdwear.com caramels jelly beans candy toffee. Sweet unerdwear.com carrot cake bonbon powder lemon drops tiramisu. Marzipan icing pudding jelly-o marzipan. Croissant biscuit donut apple pie. Applicake brownie chocolate candy canes marzipan halvah lollipop gummi bears jelly-o. Lemon drops chupa chups marzipan topping tootsie roll.<\/p>\n","protected":false},"featured_media":177,"comment_status":"open","ping_status":"closed","template":"","meta":[],"product_brand":[],"product_cat":[16],"product_tag":[17,18,19],"class_list":{"0":"post-176","1":"product","2":"type-product","3":"status-publish","4":"has-post-thumbnail","6":"product_cat-clothes","7":"product_tag-fashion","8":"product_tag-hat","9":"product_tag-mens","11":"first","12":"instock","13":"sale","14":"shipping-taxable","15":"purchasable","16":"product-type-simple","17":"add-to-wishlist-after_add_to_cart"},"_links":{"self":[{"href":"https:\/\/ulogarniturak.hu\/index.php?rest_route=\/wp\/v2\/product\/176","targetHints":{"allow":["GET"]}}],"collection":[{"href":"https:\/\/ulogarniturak.hu\/index.php?rest_route=\/wp\/v2\/product"}],"about":[{"href":"https:\/\/ulogarniturak.hu\/index.php?rest_route=\/wp\/v2\/types\/product"}],"replies":[{"embeddable":true,"href":"https:\/\/ulogarniturak.hu\/index.php?rest_route=%2Fwp%2Fv2%2Fcomments&post=176"}],"wp:featuredmedia":[{"embeddable":true,"href":"https:\/\/ulogarniturak.hu\/index.php?rest_route=\/wp\/v2\/media\/177"}],"wp:attachment":[{"href":"https:\/\/ulogarniturak.hu\/index.php?rest_route=%2Fwp%2Fv2%2Fmedia&parent=176"}],"wp:term":[{"taxonomy":"product_brand","embeddable":true,"href":"https:\/\/ulogarniturak.hu\/index.php?rest_route=%2Fwp%2Fv2%2Fproduct_brand&post=176"},{"taxonomy":"product_cat","embeddable":true,"href":"https:\/\/ulogarniturak.hu\/index.php?rest_route=%2Fwp%2Fv2%2Fproduct_cat&post=176"},{"taxonomy":"product_tag","embeddable":true,"href":"https:\/\/ulogarniturak.hu\/index.php?rest_route=%2Fwp%2Fv2%2Fproduct_tag&post=176"}],"curies":[{"name":"wp","href":"https:\/\/api.w.org\/{rel}","templated":true}]}}