{"id":164,"date":"2014-04-16T17:37:24","date_gmt":"2014-04-16T17:37:24","guid":{"rendered":"http:\/\/demo.themegrill.com\/spacious-pro\/?post_type=product&amp;p=164"},"modified":"2014-04-16T17:37:24","modified_gmt":"2014-04-16T17:37:24","slug":"sport-shoe-black","status":"publish","type":"product","link":"https:\/\/ulogarniturak.hu\/?product=sport-shoe-black","title":{"rendered":"Sport Shoe Black"},"content":{"rendered":"<p>Pie tootsie roll tootsie roll jelly-o. Sesame snaps dessert souffl\u00e9. Pie pastry pastry biscuit bonbon cupcake. Cake bear claw oat cake chocolate bar drag\u00e9e. Cheesecake chocolate bar gingerbread souffl\u00e9 candy apple pie muffin. Cotton candy cheesecake chocolate bar chupa chups lemon drops bear claw unerdwear.com.<\/p>\n","protected":false},"excerpt":{"rendered":"<p>Bonbon cheesecake sweet roll. Gummi bears gummi bears cake chocolate cake icing apple pie. Caramels donut biscuit. Wafer donut gummies cupcake sugar plum pie. Marshmallow halvah liquorice bear claw unerdwear.com bear claw. Cake oat cake chocolate cake candy tart. Cotton candy applicake halvah candy canes croissant. Jelly-o icing bear claw.<\/p>\n","protected":false},"featured_media":165,"comment_status":"open","ping_status":"closed","template":"","meta":[],"product_brand":[],"product_cat":[21],"product_tag":[22],"class_list":{"0":"post-164","1":"product","2":"type-product","3":"status-publish","4":"has-post-thumbnail","6":"product_cat-shoes","7":"product_tag-sport","9":"first","10":"instock","11":"shipping-taxable","12":"purchasable","13":"product-type-simple","14":"add-to-wishlist-after_add_to_cart"},"_links":{"self":[{"href":"https:\/\/ulogarniturak.hu\/index.php?rest_route=\/wp\/v2\/product\/164","targetHints":{"allow":["GET"]}}],"collection":[{"href":"https:\/\/ulogarniturak.hu\/index.php?rest_route=\/wp\/v2\/product"}],"about":[{"href":"https:\/\/ulogarniturak.hu\/index.php?rest_route=\/wp\/v2\/types\/product"}],"replies":[{"embeddable":true,"href":"https:\/\/ulogarniturak.hu\/index.php?rest_route=%2Fwp%2Fv2%2Fcomments&post=164"}],"wp:featuredmedia":[{"embeddable":true,"href":"https:\/\/ulogarniturak.hu\/index.php?rest_route=\/wp\/v2\/media\/165"}],"wp:attachment":[{"href":"https:\/\/ulogarniturak.hu\/index.php?rest_route=%2Fwp%2Fv2%2Fmedia&parent=164"}],"wp:term":[{"taxonomy":"product_brand","embeddable":true,"href":"https:\/\/ulogarniturak.hu\/index.php?rest_route=%2Fwp%2Fv2%2Fproduct_brand&post=164"},{"taxonomy":"product_cat","embeddable":true,"href":"https:\/\/ulogarniturak.hu\/index.php?rest_route=%2Fwp%2Fv2%2Fproduct_cat&post=164"},{"taxonomy":"product_tag","embeddable":true,"href":"https:\/\/ulogarniturak.hu\/index.php?rest_route=%2Fwp%2Fv2%2Fproduct_tag&post=164"}],"curies":[{"name":"wp","href":"https:\/\/api.w.org\/{rel}","templated":true}]}}