{"id":155,"date":"2014-04-16T17:29:23","date_gmt":"2014-04-16T17:29:23","guid":{"rendered":"http:\/\/demo.themegrill.com\/spacious-pro\/?post_type=product&amp;p=155"},"modified":"2014-04-16T17:29:23","modified_gmt":"2014-04-16T17:29:23","slug":"converse","status":"publish","type":"product","link":"https:\/\/ulogarniturak.hu\/?product=converse","title":{"rendered":"Converse"},"content":{"rendered":"<p>Lemon drops souffl\u00e9 liquorice dessert jelly gummies halvah. Tiramisu fruitcake applicake sweet roll tootsie roll applicake cheesecake fruitcake. Caramels cotton candy powder. Dessert chocolate bar donut macaroon liquorice. Pastry fruitcake cupcake lollipop ice cream cake donut. Ice cream candy canes bear claw unerdwear.com. Sugar plum cupcake lollipop applicake danish donut. Danish tiramisu bonbon sweet roll icing.<\/p>\n","protected":false},"excerpt":{"rendered":"<p>Pie tootsie roll tootsie roll jelly-o. Sesame snaps dessert souffl\u00e9. Pie pastry pastry biscuit bonbon cupcake. Cake bear claw oat cake chocolate bar drag\u00e9e. Cheesecake chocolate bar gingerbread souffl\u00e9 candy apple pie muffin. Cotton candy cheesecake chocolate bar chupa chups lemon drops bear claw unerdwear.com.<\/p>\n","protected":false},"featured_media":156,"comment_status":"open","ping_status":"closed","template":"","meta":[],"product_brand":[],"product_cat":[21],"product_tag":[22],"class_list":{"0":"post-155","1":"product","2":"type-product","3":"status-publish","4":"has-post-thumbnail","6":"product_cat-shoes","7":"product_tag-sport","9":"first","10":"instock","11":"sale","12":"shipping-taxable","13":"purchasable","14":"product-type-simple","15":"add-to-wishlist-after_add_to_cart"},"_links":{"self":[{"href":"https:\/\/ulogarniturak.hu\/index.php?rest_route=\/wp\/v2\/product\/155","targetHints":{"allow":["GET"]}}],"collection":[{"href":"https:\/\/ulogarniturak.hu\/index.php?rest_route=\/wp\/v2\/product"}],"about":[{"href":"https:\/\/ulogarniturak.hu\/index.php?rest_route=\/wp\/v2\/types\/product"}],"replies":[{"embeddable":true,"href":"https:\/\/ulogarniturak.hu\/index.php?rest_route=%2Fwp%2Fv2%2Fcomments&post=155"}],"wp:featuredmedia":[{"embeddable":true,"href":"https:\/\/ulogarniturak.hu\/index.php?rest_route=\/wp\/v2\/media\/156"}],"wp:attachment":[{"href":"https:\/\/ulogarniturak.hu\/index.php?rest_route=%2Fwp%2Fv2%2Fmedia&parent=155"}],"wp:term":[{"taxonomy":"product_brand","embeddable":true,"href":"https:\/\/ulogarniturak.hu\/index.php?rest_route=%2Fwp%2Fv2%2Fproduct_brand&post=155"},{"taxonomy":"product_cat","embeddable":true,"href":"https:\/\/ulogarniturak.hu\/index.php?rest_route=%2Fwp%2Fv2%2Fproduct_cat&post=155"},{"taxonomy":"product_tag","embeddable":true,"href":"https:\/\/ulogarniturak.hu\/index.php?rest_route=%2Fwp%2Fv2%2Fproduct_tag&post=155"}],"curies":[{"name":"wp","href":"https:\/\/api.w.org\/{rel}","templated":true}]}}