{"id":153,"date":"2014-04-16T17:15:59","date_gmt":"2014-04-16T17:15:59","guid":{"rendered":"http:\/\/demo.themegrill.com\/spacious-pro\/?post_type=product&amp;p=153"},"modified":"2014-04-16T17:15:59","modified_gmt":"2014-04-16T17:15:59","slug":"black-rock-shirt","status":"publish","type":"product","link":"https:\/\/ulogarniturak.hu\/?product=black-rock-shirt","title":{"rendered":"Black Rock Shirt"},"content":{"rendered":"<p>Bonbon tootsie roll marzipan caramels. Lollipop caramels souffl\u00e9 halvah brownie macaroon candy canes pastry halvah. Pudding oat cake biscuit. Toffee pie lollipop cookie marshmallow. Ice cream bonbon applicake caramels pudding chocolate brownie marshmallow brownie. Brownie chocolate bear claw chocolate bar tiramisu carrot cake pastry pudding. Topping souffl\u00e9 lollipop chupa chups. Biscuit chupa chups sesame snaps powder tootsie roll gingerbread carrot cake. Candy canes pudding pastry cake chocolate cookie lollipop sweet roll. Chupa chups fruitcake gummies bear claw candy liquorice gingerbread marshmallow.<\/p>\n","protected":false},"excerpt":{"rendered":"<p>Gummi bears dessert jelly beans chupa chups dessert. Jelly beans lemon drops sweet roll applicake tart pie. Jelly beans chocolate drag\u00e9e gummies chocolate danish croissant drag\u00e9e jelly. Pastry toffee apple pie chocolate bar pie ice cream liquorice drag\u00e9e sesame snaps. Gummi bears gingerbread candy dessert jelly-o pie cookie apple pie. Croissant cupcake macaroon. Muffin unerdwear.com cake powder. Toffee pastry ice cream.<\/p>\n","protected":false},"featured_media":154,"comment_status":"open","ping_status":"closed","template":"","meta":[],"product_brand":[],"product_cat":[16],"product_tag":[20],"class_list":{"0":"post-153","1":"product","2":"type-product","3":"status-publish","4":"has-post-thumbnail","6":"product_cat-clothes","7":"product_tag-shirt","9":"first","10":"instock","11":"shipping-taxable","12":"purchasable","13":"product-type-simple","14":"add-to-wishlist-after_add_to_cart"},"_links":{"self":[{"href":"https:\/\/ulogarniturak.hu\/index.php?rest_route=\/wp\/v2\/product\/153","targetHints":{"allow":["GET"]}}],"collection":[{"href":"https:\/\/ulogarniturak.hu\/index.php?rest_route=\/wp\/v2\/product"}],"about":[{"href":"https:\/\/ulogarniturak.hu\/index.php?rest_route=\/wp\/v2\/types\/product"}],"replies":[{"embeddable":true,"href":"https:\/\/ulogarniturak.hu\/index.php?rest_route=%2Fwp%2Fv2%2Fcomments&post=153"}],"wp:featuredmedia":[{"embeddable":true,"href":"https:\/\/ulogarniturak.hu\/index.php?rest_route=\/wp\/v2\/media\/154"}],"wp:attachment":[{"href":"https:\/\/ulogarniturak.hu\/index.php?rest_route=%2Fwp%2Fv2%2Fmedia&parent=153"}],"wp:term":[{"taxonomy":"product_brand","embeddable":true,"href":"https:\/\/ulogarniturak.hu\/index.php?rest_route=%2Fwp%2Fv2%2Fproduct_brand&post=153"},{"taxonomy":"product_cat","embeddable":true,"href":"https:\/\/ulogarniturak.hu\/index.php?rest_route=%2Fwp%2Fv2%2Fproduct_cat&post=153"},{"taxonomy":"product_tag","embeddable":true,"href":"https:\/\/ulogarniturak.hu\/index.php?rest_route=%2Fwp%2Fv2%2Fproduct_tag&post=153"}],"curies":[{"name":"wp","href":"https:\/\/api.w.org\/{rel}","templated":true}]}}