{"id":9,"date":"2017-04-19T10:37:04","date_gmt":"2017-04-19T10:37:04","guid":{"rendered":"http:\/\/demo.themegrill.com\/suffice-pro-shop\/?page_id=9"},"modified":"2017-04-19T10:37:04","modified_gmt":"2017-04-19T10:37:04","slug":"home-2","status":"publish","type":"page","link":"https:\/\/ulogarniturak.hu\/","title":{"rendered":"home"},"content":{"rendered":"<div id=\"pl-9\"  class=\"panel-layout\" ><div id=\"pg-9-0\"  class=\"panel-grid panel-has-style\" ><div class=\"siteorigin-panels-stretch panel-row-style panel-row-style-for-9-0\" data-stretch-type=\"full-stretched\" ><div id=\"pgc-9-0-0\"  class=\"panel-grid-cell\" ><div id=\"panel-9-0-0-0\" class=\"so-panel widget widget_themegrill_suffice_slider tg-section tg-slider-widget panel-first-child panel-last-child\" data-index=\"0\" >\n\t<div class=\"slider slider-hide-controls slider-controls-rounded slider-height--full\">\n\t\t<div class=\"swiper-container\"\n\t\t     data-transition-autoplay=\"4000\"\n\t\t     data-effect=\"slide\"\n\t\t     data-speed=\"1000\"\n\t\t     data-loop=\"1\">\n\t\t\t<div class=\"swiper-wrapper\">\n\t\t\t\t\t\t\t\t\t\t<div class=\"swiper-slide\">\n\t\t\t\t\t\t\t<div class=\"slider-content slider-content-default slider-content--center\">\n\t\t\t\t\t\t\t\t<div class=\"container\">\n\t\t\t\t\t\t\t\t\t<div class=\"slider-content-inner\">\n\t\t\t\t\t\t\t\t\t\t\t\t\t\t\t\t\t\t\t\t\t<h3 class=\"slider-title\">Perfect Fit for you<\/h3>\n\t\t\t\t\t\t\t\t\t\t\n\t\t\t\t\t\t\t\t\t\t\t\t\t\t\t\t\t\t\t\t\t<p class=\"slider-description\">Find the perfect clothes for you<\/p>\n\t\t\t\t\t\t\t\t\t\t\n\t\t\t\t\t\t\t\t\t\t\t\t\t\t\t\t\t\t\t\t\t<a class=\"btn btn-ghost btn-rounded-edges btn-medium btn-primary\" href=\"#\"> Buy Now <\/a>\n\t\t\t\t\t\t\t\t\t\t\t\t\t\t\t\t\t\t\t<\/div> <!-- slider-content-inner -->\n\t\t\t\t\t\t\t\t<\/div> <!-- .container -->\n\t\t\t\t\t\t\t<\/div> <!-- .slider-content -->\n\t\t\t\t\t\t\t<figure class=\"slider-thumbnail\">\n\t\t\t\t\t\t\t\t<img decoding=\"async\" src=\"https:\/\/themegrilldemos.com\/suffice-pro-shop\/wp-content\/uploads\/sites\/73\/2017\/04\/banner2.jpg\" alt=\"Perfect Fit for you\" \/>\n\t\t\t\t\t\t\t<\/figure>\n\t\t\t\t\t\t<\/div> <!-- swiper-slide -->\n\t\t\t\t\t\t\t\t\t\t\t\t<div class=\"swiper-slide\">\n\t\t\t\t\t\t\t<div class=\"slider-content slider-content-default slider-content--left\">\n\t\t\t\t\t\t\t\t<div class=\"container\">\n\t\t\t\t\t\t\t\t\t<div class=\"slider-content-inner\">\n\t\t\t\t\t\t\t\t\t\t\t\t\t\t\t\t\t\t\t\t\t<h3 class=\"slider-title\">Shop Niche<\/h3>\n\t\t\t\t\t\t\t\t\t\t\n\t\t\t\t\t\t\t\t\t\t\t\t\t\t\t\t\t\t\t\t\t<p class=\"slider-description\">Top Notch shoes from top notch manufacturer.<\/p>\n\t\t\t\t\t\t\t\t\t\t\n\t\t\t\t\t\t\t\t\t\t\t\t\t\t\t\t\t\t\t\t\t<a class=\"btn btn-black btn-rounded btn-medium btn-primary\" href=\"#\"> Shop Now <\/a>\n\t\t\t\t\t\t\t\t\t\t\t\t\t\t\t\t\t\t\t<\/div> <!-- slider-content-inner -->\n\t\t\t\t\t\t\t\t<\/div> <!-- .container -->\n\t\t\t\t\t\t\t<\/div> <!-- .slider-content -->\n\t\t\t\t\t\t\t<figure class=\"slider-thumbnail\">\n\t\t\t\t\t\t\t\t<img decoding=\"async\" src=\"https:\/\/themegrilldemos.com\/suffice-pro-shop\/wp-content\/uploads\/sites\/73\/2017\/04\/shopbannerArtboard-3.jpg\" alt=\"Shop Niche\" \/>\n\t\t\t\t\t\t\t<\/figure>\n\t\t\t\t\t\t<\/div> <!-- swiper-slide -->\n\t\t\t\t\t\t\t\t\t<\/div> <!-- end swiper-wrapper -->\n\n\t\t\t<div class=\"swiper-pagination\"><\/div>\n\t\t\t<div class=\"swiper-button-next\"><\/div>\n\t\t\t<div class=\"swiper-button-prev\"><\/div>\n\t\t<\/div> <!-- end swiper-container -->\n\n\t<\/div> <!-- end slider -->\n<\/div><\/div><\/div><\/div><div id=\"pg-9-1\"  class=\"panel-grid panel-has-style\" ><div class=\"panel-row-style panel-row-style-for-9-1\" ><div id=\"pgc-9-1-0\"  class=\"panel-grid-cell\" ><div id=\"panel-9-1-0-0\" class=\"so-panel widget widget_themegrill_suffice_title tg-title-container panel-first-child\" data-index=\"1\" ><div class=\"title title-default title-center\">\n\t<h3 class=\"title-title\">FEATURED PRODUCTS<\/h3>\n\n\t\t\t<p class=\"sub-title\">Find the best products from our store.<\/p>\n\t\n\t\n\t<\/div>\n<\/div><div id=\"panel-9-1-0-1\" class=\"so-panel widget widget_text panel-last-child\" data-index=\"2\" >\t\t\t<div class=\"textwidget\"><div class=\"woocommerce columns-4 \"><ul class=\"products columns-4\">\n<li class=\"add-to-wishlist-after_add_to_cart product type-product post-254 status-publish first instock product_cat-dresses product_cat-women has-post-thumbnail featured shipping-taxable purchasable product-type-simple\">\n\t<a href=\"https:\/\/ulogarniturak.hu\/?product=black-one-shoulder-dress\" class=\"woocommerce-LoopProduct-link woocommerce-loop-product__link\"><img loading=\"lazy\" decoding=\"async\" width=\"300\" height=\"300\" src=\"https:\/\/ulogarniturak.hu\/wp-content\/uploads\/2017\/05\/black-long-dress-300x300.jpg\" class=\"attachment-woocommerce_thumbnail size-woocommerce_thumbnail\" alt=\"Black One Shoulder Dress\" srcset=\"https:\/\/ulogarniturak.hu\/wp-content\/uploads\/2017\/05\/black-long-dress-300x300.jpg 300w, https:\/\/ulogarniturak.hu\/wp-content\/uploads\/2017\/05\/black-long-dress-150x150.jpg 150w, https:\/\/ulogarniturak.hu\/wp-content\/uploads\/2017\/05\/black-long-dress-45x45.jpg 45w, https:\/\/ulogarniturak.hu\/wp-content\/uploads\/2017\/05\/black-long-dress-600x600.jpg 600w, https:\/\/ulogarniturak.hu\/wp-content\/uploads\/2017\/05\/black-long-dress-100x100.jpg 100w, https:\/\/ulogarniturak.hu\/wp-content\/uploads\/2017\/05\/black-long-dress.jpg 700w\" sizes=\"auto, (max-width: 300px) 100vw, 300px\" \/><div class=\"product-info\"><h2 class=\"woocommerce-loop-product__title\">Black One Shoulder Dress<\/h2>\n\t<span class=\"price\"><span class=\"woocommerce-Price-amount amount\"><bdi>60,00&nbsp;<span class=\"woocommerce-Price-currencySymbol\">&#70;&#116;<\/span><\/bdi><\/span><\/span>\n<\/div><!-- .product-info--><\/a><a href=\"\/index.php?rest_route=%2Fwp%2Fv2%2Fpages%2F9&#038;add-to-cart=254\" aria-describedby=\"woocommerce_loop_add_to_cart_link_describedby_254\" data-quantity=\"1\" class=\"button product_type_simple add_to_cart_button ajax_add_to_cart\" data-product_id=\"254\" data-product_sku=\"\" aria-label=\"Kos\u00e1rba: &ldquo;Black One Shoulder Dress&rdquo;\" rel=\"nofollow\" data-success_message=\"&ldquo;Black One Shoulder Dress&rdquo; has been added to your cart\" role=\"button\">Kos\u00e1rba teszem<\/a>\t<span id=\"woocommerce_loop_add_to_cart_link_describedby_254\" class=\"screen-reader-text\">\n\t\t\t<\/span>\n\n<div\n\tclass=\"yith-wcwl-add-to-wishlist add-to-wishlist-254 yith-wcwl-add-to-wishlist--link-style wishlist-fragment on-first-load\"\n\tdata-fragment-ref=\"254\"\n\tdata-fragment-options=\"{&quot;base_url&quot;:&quot;&quot;,&quot;product_id&quot;:254,&quot;parent_product_id&quot;:0,&quot;product_type&quot;:&quot;simple&quot;,&quot;is_single&quot;:false,&quot;in_default_wishlist&quot;:false,&quot;show_view&quot;:false,&quot;browse_wishlist_text&quot;:&quot;Kedvencek megtekint\\u00e9se&quot;,&quot;already_in_wishslist_text&quot;:&quot;A term\\u00e9k m\\u00e1r hozz\\u00e1 lett adva!&quot;,&quot;product_added_text&quot;:&quot;Term\\u00e9k hozz\\u00e1adva!&quot;,&quot;available_multi_wishlist&quot;:false,&quot;disable_wishlist&quot;:false,&quot;show_count&quot;:false,&quot;ajax_loading&quot;:false,&quot;loop_position&quot;:&quot;after_add_to_cart&quot;,&quot;item&quot;:&quot;add_to_wishlist&quot;}\"\n>\n\t\t\t\n\t\t\t<!-- ADD TO WISHLIST -->\n\t\t\t\n<div class=\"yith-wcwl-add-button\">\n\t\t<a\n\t\thref=\"?add_to_wishlist=254&#038;_wpnonce=31d6388869\"\n\t\tclass=\"add_to_wishlist single_add_to_wishlist\"\n\t\tdata-product-id=\"254\"\n\t\tdata-product-type=\"simple\"\n\t\tdata-original-product-id=\"0\"\n\t\tdata-title=\"Kedvencekhez\"\n\t\trel=\"nofollow\"\n\t>\n\t\t<svg id=\"yith-wcwl-icon-heart-outline\" class=\"yith-wcwl-icon-svg\" fill=\"none\" stroke-width=\"1.5\" stroke=\"currentColor\" viewBox=\"0 0 24 24\" xmlns=\"http:\/\/www.w3.org\/2000\/svg\">\n  <path stroke-linecap=\"round\" stroke-linejoin=\"round\" d=\"M21 8.25c0-2.485-2.099-4.5-4.688-4.5-1.935 0-3.597 1.126-4.312 2.733-.715-1.607-2.377-2.733-4.313-2.733C5.1 3.75 3 5.765 3 8.25c0 7.22 9 12 9 12s9-4.78 9-12Z\"><\/path>\n<\/svg>\t\t<span>Kedvencekhez<\/span>\n\t<\/a>\n<\/div>\n\n\t\t\t<!-- COUNT TEXT -->\n\t\t\t\n\t\t\t<\/div>\n<\/li>\n<li class=\"add-to-wishlist-after_add_to_cart product type-product post-97 status-publish instock product_cat-blazers product_cat-men product_cat-top has-post-thumbnail featured shipping-taxable purchasable product-type-simple\">\n\t<a href=\"https:\/\/ulogarniturak.hu\/?product=black-blazer\" class=\"woocommerce-LoopProduct-link woocommerce-loop-product__link\"><img loading=\"lazy\" decoding=\"async\" width=\"300\" height=\"300\" src=\"https:\/\/ulogarniturak.hu\/wp-content\/uploads\/2017\/05\/bow-tie-fashion-man-person-300x300.jpg\" class=\"attachment-woocommerce_thumbnail size-woocommerce_thumbnail\" alt=\"Black Blazer\" srcset=\"https:\/\/ulogarniturak.hu\/wp-content\/uploads\/2017\/05\/bow-tie-fashion-man-person-300x300.jpg 300w, https:\/\/ulogarniturak.hu\/wp-content\/uploads\/2017\/05\/bow-tie-fashion-man-person-150x150.jpg 150w, https:\/\/ulogarniturak.hu\/wp-content\/uploads\/2017\/05\/bow-tie-fashion-man-person-45x45.jpg 45w, https:\/\/ulogarniturak.hu\/wp-content\/uploads\/2017\/05\/bow-tie-fashion-man-person-100x100.jpg 100w, https:\/\/ulogarniturak.hu\/wp-content\/uploads\/2017\/05\/bow-tie-fashion-man-person.jpg 600w\" sizes=\"auto, (max-width: 300px) 100vw, 300px\" \/><div class=\"product-info\"><h2 class=\"woocommerce-loop-product__title\">Black Blazer<\/h2>\n\t<span class=\"price\"><span class=\"woocommerce-Price-amount amount\"><bdi>59,00&nbsp;<span class=\"woocommerce-Price-currencySymbol\">&#70;&#116;<\/span><\/bdi><\/span><\/span>\n<\/div><!-- .product-info--><\/a><a href=\"\/index.php?rest_route=%2Fwp%2Fv2%2Fpages%2F9&#038;add-to-cart=97\" aria-describedby=\"woocommerce_loop_add_to_cart_link_describedby_97\" data-quantity=\"1\" class=\"button product_type_simple add_to_cart_button ajax_add_to_cart\" data-product_id=\"97\" data-product_sku=\"\" aria-label=\"Kos\u00e1rba: &ldquo;Black Blazer&rdquo;\" rel=\"nofollow\" data-success_message=\"&ldquo;Black Blazer&rdquo; has been added to your cart\" role=\"button\">Kos\u00e1rba teszem<\/a>\t<span id=\"woocommerce_loop_add_to_cart_link_describedby_97\" class=\"screen-reader-text\">\n\t\t\t<\/span>\n\n<div\n\tclass=\"yith-wcwl-add-to-wishlist add-to-wishlist-97 yith-wcwl-add-to-wishlist--link-style wishlist-fragment on-first-load\"\n\tdata-fragment-ref=\"97\"\n\tdata-fragment-options=\"{&quot;base_url&quot;:&quot;&quot;,&quot;product_id&quot;:97,&quot;parent_product_id&quot;:0,&quot;product_type&quot;:&quot;simple&quot;,&quot;is_single&quot;:false,&quot;in_default_wishlist&quot;:false,&quot;show_view&quot;:false,&quot;browse_wishlist_text&quot;:&quot;Kedvencek megtekint\\u00e9se&quot;,&quot;already_in_wishslist_text&quot;:&quot;A term\\u00e9k m\\u00e1r hozz\\u00e1 lett adva!&quot;,&quot;product_added_text&quot;:&quot;Term\\u00e9k hozz\\u00e1adva!&quot;,&quot;available_multi_wishlist&quot;:false,&quot;disable_wishlist&quot;:false,&quot;show_count&quot;:false,&quot;ajax_loading&quot;:false,&quot;loop_position&quot;:&quot;after_add_to_cart&quot;,&quot;item&quot;:&quot;add_to_wishlist&quot;}\"\n>\n\t\t\t\n\t\t\t<!-- ADD TO WISHLIST -->\n\t\t\t\n<div class=\"yith-wcwl-add-button\">\n\t\t<a\n\t\thref=\"?add_to_wishlist=97&#038;_wpnonce=31d6388869\"\n\t\tclass=\"add_to_wishlist single_add_to_wishlist\"\n\t\tdata-product-id=\"97\"\n\t\tdata-product-type=\"simple\"\n\t\tdata-original-product-id=\"0\"\n\t\tdata-title=\"Kedvencekhez\"\n\t\trel=\"nofollow\"\n\t>\n\t\t<svg id=\"yith-wcwl-icon-heart-outline\" class=\"yith-wcwl-icon-svg\" fill=\"none\" stroke-width=\"1.5\" stroke=\"currentColor\" viewBox=\"0 0 24 24\" xmlns=\"http:\/\/www.w3.org\/2000\/svg\">\n  <path stroke-linecap=\"round\" stroke-linejoin=\"round\" d=\"M21 8.25c0-2.485-2.099-4.5-4.688-4.5-1.935 0-3.597 1.126-4.312 2.733-.715-1.607-2.377-2.733-4.313-2.733C5.1 3.75 3 5.765 3 8.25c0 7.22 9 12 9 12s9-4.78 9-12Z\"><\/path>\n<\/svg>\t\t<span>Kedvencekhez<\/span>\n\t<\/a>\n<\/div>\n\n\t\t\t<!-- COUNT TEXT -->\n\t\t\t\n\t\t\t<\/div>\n<\/li>\n<li class=\"add-to-wishlist-after_add_to_cart product type-product post-96 status-publish instock product_cat-men product_cat-tees-top product_cat-top has-post-thumbnail featured shipping-taxable purchasable product-type-simple\">\n\t<a href=\"https:\/\/ulogarniturak.hu\/?product=white-t-shirt\" class=\"woocommerce-LoopProduct-link woocommerce-loop-product__link\"><img loading=\"lazy\" decoding=\"async\" width=\"300\" height=\"300\" src=\"https:\/\/ulogarniturak.hu\/wp-content\/uploads\/2017\/05\/white-t-shirt-300x300.jpg\" class=\"attachment-woocommerce_thumbnail size-woocommerce_thumbnail\" alt=\"White T-Shirt\" srcset=\"https:\/\/ulogarniturak.hu\/wp-content\/uploads\/2017\/05\/white-t-shirt-300x300.jpg 300w, https:\/\/ulogarniturak.hu\/wp-content\/uploads\/2017\/05\/white-t-shirt-150x150.jpg 150w, https:\/\/ulogarniturak.hu\/wp-content\/uploads\/2017\/05\/white-t-shirt-45x45.jpg 45w, https:\/\/ulogarniturak.hu\/wp-content\/uploads\/2017\/05\/white-t-shirt-100x100.jpg 100w, https:\/\/ulogarniturak.hu\/wp-content\/uploads\/2017\/05\/white-t-shirt.jpg 600w\" sizes=\"auto, (max-width: 300px) 100vw, 300px\" \/><div class=\"product-info\"><h2 class=\"woocommerce-loop-product__title\">White T-Shirt<\/h2>\n\t<span class=\"price\"><span class=\"woocommerce-Price-amount amount\"><bdi>59,00&nbsp;<span class=\"woocommerce-Price-currencySymbol\">&#70;&#116;<\/span><\/bdi><\/span><\/span>\n<\/div><!-- .product-info--><\/a><a href=\"\/index.php?rest_route=%2Fwp%2Fv2%2Fpages%2F9&#038;add-to-cart=96\" aria-describedby=\"woocommerce_loop_add_to_cart_link_describedby_96\" data-quantity=\"1\" class=\"button product_type_simple add_to_cart_button ajax_add_to_cart\" data-product_id=\"96\" data-product_sku=\"\" aria-label=\"Kos\u00e1rba: &ldquo;White T-Shirt&rdquo;\" rel=\"nofollow\" data-success_message=\"&ldquo;White T-Shirt&rdquo; has been added to your cart\" role=\"button\">Kos\u00e1rba teszem<\/a>\t<span id=\"woocommerce_loop_add_to_cart_link_describedby_96\" class=\"screen-reader-text\">\n\t\t\t<\/span>\n\n<div\n\tclass=\"yith-wcwl-add-to-wishlist add-to-wishlist-96 yith-wcwl-add-to-wishlist--link-style wishlist-fragment on-first-load\"\n\tdata-fragment-ref=\"96\"\n\tdata-fragment-options=\"{&quot;base_url&quot;:&quot;&quot;,&quot;product_id&quot;:96,&quot;parent_product_id&quot;:0,&quot;product_type&quot;:&quot;simple&quot;,&quot;is_single&quot;:false,&quot;in_default_wishlist&quot;:false,&quot;show_view&quot;:false,&quot;browse_wishlist_text&quot;:&quot;Kedvencek megtekint\\u00e9se&quot;,&quot;already_in_wishslist_text&quot;:&quot;A term\\u00e9k m\\u00e1r hozz\\u00e1 lett adva!&quot;,&quot;product_added_text&quot;:&quot;Term\\u00e9k hozz\\u00e1adva!&quot;,&quot;available_multi_wishlist&quot;:false,&quot;disable_wishlist&quot;:false,&quot;show_count&quot;:false,&quot;ajax_loading&quot;:false,&quot;loop_position&quot;:&quot;after_add_to_cart&quot;,&quot;item&quot;:&quot;add_to_wishlist&quot;}\"\n>\n\t\t\t\n\t\t\t<!-- ADD TO WISHLIST -->\n\t\t\t\n<div class=\"yith-wcwl-add-button\">\n\t\t<a\n\t\thref=\"?add_to_wishlist=96&#038;_wpnonce=31d6388869\"\n\t\tclass=\"add_to_wishlist single_add_to_wishlist\"\n\t\tdata-product-id=\"96\"\n\t\tdata-product-type=\"simple\"\n\t\tdata-original-product-id=\"0\"\n\t\tdata-title=\"Kedvencekhez\"\n\t\trel=\"nofollow\"\n\t>\n\t\t<svg id=\"yith-wcwl-icon-heart-outline\" class=\"yith-wcwl-icon-svg\" fill=\"none\" stroke-width=\"1.5\" stroke=\"currentColor\" viewBox=\"0 0 24 24\" xmlns=\"http:\/\/www.w3.org\/2000\/svg\">\n  <path stroke-linecap=\"round\" stroke-linejoin=\"round\" d=\"M21 8.25c0-2.485-2.099-4.5-4.688-4.5-1.935 0-3.597 1.126-4.312 2.733-.715-1.607-2.377-2.733-4.313-2.733C5.1 3.75 3 5.765 3 8.25c0 7.22 9 12 9 12s9-4.78 9-12Z\"><\/path>\n<\/svg>\t\t<span>Kedvencekhez<\/span>\n\t<\/a>\n<\/div>\n\n\t\t\t<!-- COUNT TEXT -->\n\t\t\t\n\t\t\t<\/div>\n<\/li>\n<li class=\"add-to-wishlist-after_add_to_cart product type-product post-865 status-publish last instock product_cat-tees-top product_cat-tops product_cat-women has-post-thumbnail featured shipping-taxable purchasable product-type-simple\">\n\t<a href=\"https:\/\/ulogarniturak.hu\/?product=black-loose-t-shirt\" class=\"woocommerce-LoopProduct-link woocommerce-loop-product__link\"><img loading=\"lazy\" decoding=\"async\" width=\"300\" height=\"300\" src=\"https:\/\/ulogarniturak.hu\/wp-content\/uploads\/2017\/04\/shop-catalog-imagesArtboard-8-300x300.jpg\" class=\"attachment-woocommerce_thumbnail size-woocommerce_thumbnail\" alt=\"Black loose t-shirt\" srcset=\"https:\/\/ulogarniturak.hu\/wp-content\/uploads\/2017\/04\/shop-catalog-imagesArtboard-8-300x300.jpg 300w, https:\/\/ulogarniturak.hu\/wp-content\/uploads\/2017\/04\/shop-catalog-imagesArtboard-8-150x150.jpg 150w, https:\/\/ulogarniturak.hu\/wp-content\/uploads\/2017\/04\/shop-catalog-imagesArtboard-8-45x45.jpg 45w, https:\/\/ulogarniturak.hu\/wp-content\/uploads\/2017\/04\/shop-catalog-imagesArtboard-8-100x100.jpg 100w, https:\/\/ulogarniturak.hu\/wp-content\/uploads\/2017\/04\/shop-catalog-imagesArtboard-8.jpg 600w\" sizes=\"auto, (max-width: 300px) 100vw, 300px\" \/><div class=\"product-info\"><h2 class=\"woocommerce-loop-product__title\">Black loose t-shirt<\/h2>\n\t<span class=\"price\"><span class=\"woocommerce-Price-amount amount\"><bdi>14,00&nbsp;<span class=\"woocommerce-Price-currencySymbol\">&#70;&#116;<\/span><\/bdi><\/span><\/span>\n<\/div><!-- .product-info--><\/a><a href=\"\/index.php?rest_route=%2Fwp%2Fv2%2Fpages%2F9&#038;add-to-cart=865\" aria-describedby=\"woocommerce_loop_add_to_cart_link_describedby_865\" data-quantity=\"1\" class=\"button product_type_simple add_to_cart_button ajax_add_to_cart\" data-product_id=\"865\" data-product_sku=\"\" aria-label=\"Kos\u00e1rba: &ldquo;Black loose t-shirt&rdquo;\" rel=\"nofollow\" data-success_message=\"&ldquo;Black loose t-shirt&rdquo; has been added to your cart\" role=\"button\">Kos\u00e1rba teszem<\/a>\t<span id=\"woocommerce_loop_add_to_cart_link_describedby_865\" class=\"screen-reader-text\">\n\t\t\t<\/span>\n\n<div\n\tclass=\"yith-wcwl-add-to-wishlist add-to-wishlist-865 yith-wcwl-add-to-wishlist--link-style wishlist-fragment on-first-load\"\n\tdata-fragment-ref=\"865\"\n\tdata-fragment-options=\"{&quot;base_url&quot;:&quot;&quot;,&quot;product_id&quot;:865,&quot;parent_product_id&quot;:0,&quot;product_type&quot;:&quot;simple&quot;,&quot;is_single&quot;:false,&quot;in_default_wishlist&quot;:false,&quot;show_view&quot;:false,&quot;browse_wishlist_text&quot;:&quot;Kedvencek megtekint\\u00e9se&quot;,&quot;already_in_wishslist_text&quot;:&quot;A term\\u00e9k m\\u00e1r hozz\\u00e1 lett adva!&quot;,&quot;product_added_text&quot;:&quot;Term\\u00e9k hozz\\u00e1adva!&quot;,&quot;available_multi_wishlist&quot;:false,&quot;disable_wishlist&quot;:false,&quot;show_count&quot;:false,&quot;ajax_loading&quot;:false,&quot;loop_position&quot;:&quot;after_add_to_cart&quot;,&quot;item&quot;:&quot;add_to_wishlist&quot;}\"\n>\n\t\t\t\n\t\t\t<!-- ADD TO WISHLIST -->\n\t\t\t\n<div class=\"yith-wcwl-add-button\">\n\t\t<a\n\t\thref=\"?add_to_wishlist=865&#038;_wpnonce=31d6388869\"\n\t\tclass=\"add_to_wishlist single_add_to_wishlist\"\n\t\tdata-product-id=\"865\"\n\t\tdata-product-type=\"simple\"\n\t\tdata-original-product-id=\"0\"\n\t\tdata-title=\"Kedvencekhez\"\n\t\trel=\"nofollow\"\n\t>\n\t\t<svg id=\"yith-wcwl-icon-heart-outline\" class=\"yith-wcwl-icon-svg\" fill=\"none\" stroke-width=\"1.5\" stroke=\"currentColor\" viewBox=\"0 0 24 24\" xmlns=\"http:\/\/www.w3.org\/2000\/svg\">\n  <path stroke-linecap=\"round\" stroke-linejoin=\"round\" d=\"M21 8.25c0-2.485-2.099-4.5-4.688-4.5-1.935 0-3.597 1.126-4.312 2.733-.715-1.607-2.377-2.733-4.313-2.733C5.1 3.75 3 5.765 3 8.25c0 7.22 9 12 9 12s9-4.78 9-12Z\"><\/path>\n<\/svg>\t\t<span>Kedvencekhez<\/span>\n\t<\/a>\n<\/div>\n\n\t\t\t<!-- COUNT TEXT -->\n\t\t\t\n\t\t\t<\/div>\n<\/li>\n<\/ul>\n<\/div><\/div>\n\t\t<\/div><\/div><\/div><\/div><div id=\"pg-9-2\"  class=\"panel-grid panel-has-style\" ><div class=\"panel-row-style panel-row-style-for-9-2\" ><div id=\"pgc-9-2-0\"  class=\"panel-grid-cell\" ><div id=\"panel-9-2-0-0\" class=\"so-panel widget widget_themegrill_suffice_image tg-widget tg-image-widget panel-first-child panel-last-child\" data-index=\"3\" >\t<img decoding=\"async\" src=\"https:\/\/themegrilldemos.com\/suffice-pro-shop\/wp-content\/uploads\/sites\/73\/2017\/04\/ladies-1.png\" \/>\n<\/div><\/div><div id=\"pgc-9-2-1\"  class=\"panel-grid-cell\" ><div id=\"panel-9-2-1-0\" class=\"so-panel widget widget_themegrill_suffice_image tg-widget tg-image-widget panel-first-child\" data-index=\"4\" ><div class=\"panel-widget-style panel-widget-style-for-9-2-1-0\" >\t<img decoding=\"async\" src=\"https:\/\/themegrilldemos.com\/suffice-pro-shop\/wp-content\/uploads\/sites\/73\/2017\/04\/lookbook.png\" \/>\n<\/div><\/div><div id=\"panel-9-2-1-1\" class=\"so-panel widget widget_themegrill_suffice_button tg-section tg-button-widget panel-last-child\" data-index=\"5\" >\n<div class=\"btn-left\">\n\t\t\t<a  class=\"btn btn-bordered btn-medium\" href=\"#\">\n\t\t\tExplore\t\t<\/a>\n\t<\/div>\n<\/div><\/div><\/div><\/div><div id=\"pg-9-3\"  class=\"panel-grid panel-has-style\" ><div class=\"panel-row-style panel-row-style-for-9-3\" ><div id=\"pgc-9-3-0\"  class=\"panel-grid-cell\" ><div id=\"panel-9-3-0-0\" class=\"so-panel widget widget_themegrill_suffice_title tg-title-container panel-first-child\" data-index=\"6\" ><div class=\"title title-default title-center\">\n\t<h3 class=\"title-title\">SALE PRODUCT<\/h3>\n\n\t\t\t<p class=\"sub-title\">Find the best products on sale<\/p>\n\t\n\t\n\t<\/div>\n<\/div><div id=\"panel-9-3-0-1\" class=\"so-panel widget widget_text panel-last-child\" data-index=\"7\" >\t\t\t<div class=\"textwidget\"><div class=\"woocommerce columns-4 \"><\/div><\/div>\n\t\t<\/div><\/div><\/div><\/div><div id=\"pg-9-4\"  class=\"panel-grid panel-has-style\" ><div class=\"panel-row-style panel-row-style-for-9-4\" ><div id=\"pgc-9-4-0\"  class=\"panel-grid-cell\" ><div id=\"panel-9-4-0-0\" class=\"so-panel widget widget_themegrill_suffice_cta tg-cta-container panel-first-child panel-last-child\" data-index=\"8\" ><div class=\"cta cta-big-bordered\">\n\t<div class=\"cta-bordered-inner\">\n\t\t\n\t\t<div class=\"cta-info\">\n\t\t\t\t\t\t\t<h3 class=\"cta-title\">SUMMER SALE<\/h3>\n\t\t\t\t\t\t\t\t\t\t<div class=\"cta-content\">\n\t\t\t\t\t<p >SAVE UP TO 50% OFF IN ALL PRODUCTS<\/p>\n\t\t\t\t<\/div>\n\t\t\t\t\t<\/div> <!-- end cta-info -->\n\n\t\t<div class=\"cta-actions\">\n\t\t\t<div class=\"btn-group\">\n\t\t\t\t\t\t\t\t\t\t\t<\/div> <!-- end btn-group -->\n\t\t<\/div> <!-- end cta-actions -->\n\t<\/div>\n<\/div> <!-- end cta-boxed-one -->\n<\/div><\/div><\/div><\/div><\/div>","protected":false},"excerpt":{"rendered":"<p>Perfect Fit for you Find the perfect clothes for you Buy Now Shop Niche Top Notch shoes from top notch manufacturer. Shop Now FEATURED PRODUCTS Find the best products from our store. Black One Shoulder Dress 60,00&nbsp;&#70;&#116; Kos\u00e1rba teszem Kedvencekhez Black Blazer 59,00&nbsp;&#70;&#116; Kos\u00e1rba teszem Kedvencekhez White T-Shirt 59,00&nbsp;&#70;&#116; Kos\u00e1rba teszem Kedvencekhez Black loose t-shirt [&hellip;]<\/p>\n","protected":false},"author":1,"featured_media":0,"parent":0,"menu_order":0,"comment_status":"closed","ping_status":"closed","template":"page-templates\/page-builder.php","meta":{"footnotes":""},"class_list":["post-9","page","type-page","status-publish","hentry"],"_links":{"self":[{"href":"https:\/\/ulogarniturak.hu\/index.php?rest_route=\/wp\/v2\/pages\/9","targetHints":{"allow":["GET"]}}],"collection":[{"href":"https:\/\/ulogarniturak.hu\/index.php?rest_route=\/wp\/v2\/pages"}],"about":[{"href":"https:\/\/ulogarniturak.hu\/index.php?rest_route=\/wp\/v2\/types\/page"}],"author":[{"embeddable":true,"href":"https:\/\/ulogarniturak.hu\/index.php?rest_route=\/wp\/v2\/users\/1"}],"replies":[{"embeddable":true,"href":"https:\/\/ulogarniturak.hu\/index.php?rest_route=%2Fwp%2Fv2%2Fcomments&post=9"}],"version-history":[{"count":0,"href":"https:\/\/ulogarniturak.hu\/index.php?rest_route=\/wp\/v2\/pages\/9\/revisions"}],"wp:attachment":[{"href":"https:\/\/ulogarniturak.hu\/index.php?rest_route=%2Fwp%2Fv2%2Fmedia&parent=9"}],"curies":[{"name":"wp","href":"https:\/\/api.w.org\/{rel}","templated":true}]}}