{"id":159,"date":"2014-04-16T17:29:43","date_gmt":"2014-04-16T17:29:43","guid":{"rendered":"http:\/\/demo.themegrill.com\/spacious-pro\/cart\/"},"modified":"2024-07-03T11:17:21","modified_gmt":"2024-07-03T11:17:21","slug":"cart","status":"publish","type":"page","link":"https:\/\/ulogarniturak.hu\/?page_id=159","title":{"rendered":"Cart"},"content":{"rendered":"<div class=\"woocommerce\"><div class=\"woocommerce-notices-wrapper\"><\/div><div class=\"wc-empty-cart-message\">\n\t<div class=\"cart-empty woocommerce-info\" role=\"status\">\n\t\tJelenleg \u00fcres a bev\u00e1s\u00e1rl\u00f3kos\u00e1r.\t<\/div>\n<\/div>\t<p class=\"return-to-shop\">\n\t\t<a class=\"button wc-backward\" href=\"https:\/\/ulogarniturak.hu\/?page_id=728\">\n\t\t\tV\u00e1s\u00e1rl\u00e1s folytat\u00e1sa\t\t<\/a>\n\t<\/p>\n<\/div>\n","protected":false},"excerpt":{"rendered":"","protected":false},"author":1,"featured_media":0,"parent":0,"menu_order":0,"comment_status":"closed","ping_status":"closed","template":"","meta":{"footnotes":""},"class_list":["post-159","page","type-page","status-publish","hentry"],"_links":{"self":[{"href":"https:\/\/ulogarniturak.hu\/index.php?rest_route=\/wp\/v2\/pages\/159","targetHints":{"allow":["GET"]}}],"collection":[{"href":"https:\/\/ulogarniturak.hu\/index.php?rest_route=\/wp\/v2\/pages"}],"about":[{"href":"https:\/\/ulogarniturak.hu\/index.php?rest_route=\/wp\/v2\/types\/page"}],"author":[{"embeddable":true,"href":"https:\/\/ulogarniturak.hu\/index.php?rest_route=\/wp\/v2\/users\/1"}],"replies":[{"embeddable":true,"href":"https:\/\/ulogarniturak.hu\/index.php?rest_route=%2Fwp%2Fv2%2Fcomments&post=159"}],"version-history":[{"count":1,"href":"https:\/\/ulogarniturak.hu\/index.php?rest_route=\/wp\/v2\/pages\/159\/revisions"}],"predecessor-version":[{"id":638,"href":"https:\/\/ulogarniturak.hu\/index.php?rest_route=\/wp\/v2\/pages\/159\/revisions\/638"}],"wp:attachment":[{"href":"https:\/\/ulogarniturak.hu\/index.php?rest_route=%2Fwp%2Fv2%2Fmedia&parent=159"}],"curies":[{"name":"wp","href":"https:\/\/api.w.org\/{rel}","templated":true}]}}